{"id":11,"date":"2024-02-18T07:54:40","date_gmt":"2024-02-18T07:54:40","guid":{"rendered":"https:\/\/respon.fi\/?page_id=11"},"modified":"2024-02-18T11:09:26","modified_gmt":"2024-02-18T11:09:26","slug":"respon_etusivu","status":"publish","type":"page","link":"https:\/\/respon.fi\/","title":{"rendered":"RESPON"},"content":{"rendered":"\t\t<div data-elementor-type=\"wp-page\" data-elementor-id=\"11\" class=\"elementor elementor-11\" data-elementor-post-type=\"page\">\n\t\t\t\t<div class=\"elementor-element elementor-element-daf4f00 e-con-full animated-slow e-flex elementor-invisible e-con e-parent\" data-id=\"daf4f00\" data-element_type=\"container\" data-e-type=\"container\" data-settings=\"{&quot;background_background&quot;:&quot;video&quot;,&quot;background_video_link&quot;:&quot;https:\\\/\\\/respon.fi\\\/wp-content\\\/uploads\\\/2024\\\/02\\\/RESPON_BACKGROUND.mp4&quot;,&quot;background_video_start&quot;:0,&quot;background_video_end&quot;:120,&quot;background_play_on_mobile&quot;:&quot;yes&quot;,&quot;animation&quot;:&quot;fadeIn&quot;}\">\n\t\t<div class=\"elementor-background-video-container\">\n\t\t\t\t\t\t\t<video class=\"elementor-background-video-hosted\" role=\"presentation\" autoplay muted playsinline loop><\/video>\n\t\t\t\t\t<\/div>\t\t<div class=\"elementor-element elementor-element-232f4f6 animated-slow elementor-widget__width-initial elementor-widget-tablet__width-initial elementor-invisible elementor-widget elementor-widget-image\" data-id=\"232f4f6\" data-element_type=\"widget\" data-e-type=\"widget\" data-settings=\"{&quot;_animation&quot;:&quot;fadeIn&quot;}\" data-widget_type=\"image.default\">\n\t\t\t\t<div class=\"elementor-widget-container\">\n\t\t\t\t\t\t\t\t\t\t\t\t\t\t\t<img fetchpriority=\"high\" decoding=\"async\" width=\"3061\" height=\"737\" src=\"https:\/\/respon.fi\/wp-content\/uploads\/2024\/02\/RESPON_LOGO_WHITE.png\" class=\"attachment-full size-full wp-image-54\" alt=\"\" srcset=\"https:\/\/respon.fi\/wp-content\/uploads\/2024\/02\/RESPON_LOGO_WHITE.png 3061w, https:\/\/respon.fi\/wp-content\/uploads\/2024\/02\/RESPON_LOGO_WHITE-300x72.png 300w, https:\/\/respon.fi\/wp-content\/uploads\/2024\/02\/RESPON_LOGO_WHITE-1024x247.png 1024w, https:\/\/respon.fi\/wp-content\/uploads\/2024\/02\/RESPON_LOGO_WHITE-768x185.png 768w, https:\/\/respon.fi\/wp-content\/uploads\/2024\/02\/RESPON_LOGO_WHITE-1536x370.png 1536w, https:\/\/respon.fi\/wp-content\/uploads\/2024\/02\/RESPON_LOGO_WHITE-2048x493.png 2048w\" sizes=\"(max-width: 3061px) 100vw, 3061px\" \/>\t\t\t\t\t\t\t\t\t\t\t\t\t\t\t<\/div>\n\t\t\t\t<\/div>\n\t\t\t\t<div class=\"elementor-element elementor-element-ea99c18 elementor-widget__width-initial elementor-widget elementor-widget-text-editor\" data-id=\"ea99c18\" data-element_type=\"widget\" data-e-type=\"widget\" data-widget_type=\"text-editor.default\">\n\t\t\t\t<div class=\"elementor-widget-container\">\n\t\t\t\t\t\t\t\t\t<p><strong>Tarjoamme ratkaisuja kannattavuuden haasteisiin sek\u00e4 uusia toimintamalleja <br \/>liiketoiminnan kehitt\u00e4miseen, tuotantoon ja kunnossapitoon.<\/strong><\/p><p>&#8211; strategioiden rakentamista <br \/>&#8211; liiketoiminnan kehitt\u00e4mist\u00e4 <br \/>&#8211; ulkoistuspalveluita<br \/>&#8211; tarjooman laajentamista tuotteista palveluihin<br \/>&#8211; palveluiden konseptointia ja virtaviivaistamista<\/p><p><strong>Kehitt\u00e4m\u00e4ll\u00e4 yrityksenne liiketoimintaa<\/strong><\/p><p>&#8211; hiomme kustannustehokkuutta ja -rakennetta<br \/>&#8211; analysoimme ja muokkaamme prosessihallintaa<br \/>&#8211; tuomme toimivia ratkaisuja my\u00f6s k\u00e4yt\u00e4nt\u00f6\u00f6n<br \/>&#8211; edist\u00e4mme kest\u00e4v\u00e4\u00e4 kehityst\u00e4<\/p><p><strong>Koko toimintamme perusta on Sinun onnistumisesi.<\/strong><\/p>\t\t\t\t\t\t\t\t<\/div>\n\t\t\t\t<\/div>\n\t\t\t\t<div class=\"elementor-element elementor-element-6f6720d elementor-widget__width-initial elementor-widget elementor-widget-text-editor\" data-id=\"6f6720d\" data-element_type=\"widget\" data-e-type=\"widget\" data-widget_type=\"text-editor.default\">\n\t\t\t\t<div class=\"elementor-widget-container\">\n\t\t\t\t\t\t\t\t\t<p><strong>Over 20 years experience of industrial services. <br \/>Do you want to have your own coach?<\/strong><\/p><p><strong>We offer you tailored<\/strong><br \/>&#8211; strategic consulting<br \/>&#8211; business plans for industry<br \/>&#8211; productivity development programs<br \/>&#8211; outsourcing services<\/p><p><strong>How can we help you? Please contact us for profitable partnership.<\/strong><\/p>\t\t\t\t\t\t\t\t<\/div>\n\t\t\t\t<\/div>\n\t\t\t\t<\/div>\n\t\t<div class=\"elementor-element elementor-element-c079c5f e-con-full animated-slow e-flex elementor-invisible e-con e-parent\" data-id=\"c079c5f\" data-element_type=\"container\" data-e-type=\"container\" data-settings=\"{&quot;background_background&quot;:&quot;classic&quot;,&quot;animation&quot;:&quot;fadeIn&quot;}\">\n\t\t\t\t<div class=\"elementor-element elementor-element-b79407a elementor-widget__width-initial elementor-widget elementor-widget-text-editor\" data-id=\"b79407a\" data-element_type=\"widget\" data-e-type=\"widget\" data-widget_type=\"text-editor.default\">\n\t\t\t\t<div class=\"elementor-widget-container\">\n\t\t\t\t\t\t\t\t\t<p><strong>RESPON OY<\/strong><br \/>Kurjenm\u00e4entie 44<br \/>FIN-37370 Narva<br \/>Y: 2465764\u22128<\/p><p><strong>MIKA PAANANEN<\/strong><br \/>MSc. Eng. \/ GeMBA<br \/>+358 45 855 2500<br \/>mika.paananen(a)respon.fi<\/p>\t\t\t\t\t\t\t\t<\/div>\n\t\t\t\t<\/div>\n\t\t\t\t<\/div>\n\t\t\t\t<\/div>\n\t\t","protected":false},"excerpt":{"rendered":"<p>Tarjoamme ratkaisuja kannattavuuden haasteisiin sek\u00e4 uusia toimintamalleja liiketoiminnan kehitt\u00e4miseen, tuotantoon ja kunnossapitoon. &#8211; strategioiden rakentamista &#8211; liiketoiminnan kehitt\u00e4mist\u00e4 &#8211; ulkoistuspalveluita&#8211; tarjooman laajentamista tuotteista palveluihin&#8211; palveluiden konseptointia ja virtaviivaistamista Kehitt\u00e4m\u00e4ll\u00e4 yrityksenne liiketoimintaa &#8211; hiomme kustannustehokkuutta ja -rakennetta&#8211; analysoimme ja muokkaamme prosessihallintaa&#8211; tuomme toimivia ratkaisuja my\u00f6s k\u00e4yt\u00e4nt\u00f6\u00f6n&#8211; edist\u00e4mme kest\u00e4v\u00e4\u00e4 kehityst\u00e4 Koko toimintamme perusta on Sinun onnistumisesi. Over [&hellip;]<\/p>\n","protected":false},"author":1,"featured_media":0,"parent":0,"menu_order":0,"comment_status":"closed","ping_status":"closed","template":"elementor_header_footer","meta":{"footnotes":""},"class_list":["post-11","page","type-page","status-publish","hentry"],"_links":{"self":[{"href":"https:\/\/respon.fi\/index.php\/wp-json\/wp\/v2\/pages\/11","targetHints":{"allow":["GET"]}}],"collection":[{"href":"https:\/\/respon.fi\/index.php\/wp-json\/wp\/v2\/pages"}],"about":[{"href":"https:\/\/respon.fi\/index.php\/wp-json\/wp\/v2\/types\/page"}],"author":[{"embeddable":true,"href":"https:\/\/respon.fi\/index.php\/wp-json\/wp\/v2\/users\/1"}],"replies":[{"embeddable":true,"href":"https:\/\/respon.fi\/index.php\/wp-json\/wp\/v2\/comments?post=11"}],"version-history":[{"count":229,"href":"https:\/\/respon.fi\/index.php\/wp-json\/wp\/v2\/pages\/11\/revisions"}],"predecessor-version":[{"id":259,"href":"https:\/\/respon.fi\/index.php\/wp-json\/wp\/v2\/pages\/11\/revisions\/259"}],"wp:attachment":[{"href":"https:\/\/respon.fi\/index.php\/wp-json\/wp\/v2\/media?parent=11"}],"curies":[{"name":"wp","href":"https:\/\/api.w.org\/{rel}","templated":true}]}}